{"id":540,"date":"2025-09-13T09:23:39","date_gmt":"2025-09-13T09:23:39","guid":{"rendered":"https:\/\/buentarot.com\/?page_id=540"},"modified":"2025-09-13T09:23:39","modified_gmt":"2025-09-13T09:23:39","slug":"metodos-de-pago","status":"publish","type":"page","link":"https:\/\/buentarot.com\/index.php\/metodos-de-pago\/","title":{"rendered":"M\u00e9todos de Pago"},"content":{"rendered":"\n<h4 class=\"wp-block-heading\">M\u00e9todos Pago \u2013 Los datos ser\u00e1n tratados bajo La Ley de Protecci\u00f3n de Datos<\/h4>\n\n\n\n<p>Buen Tarot quiere poder facilitar a sus clientes que puedan realizar sus consultas de Tarot con nosotros, por eso facilitamos diferentes m\u00e9todos de pago.<\/p>\n\n\n\n<ul class=\"wp-block-list\">\n<li>A trav\u00e9s de tarjeta de d\u00e9bito, cr\u00e9dito y prepago.<\/li>\n\n\n\n<li>Abono por Bizum.<\/li>\n<\/ul>\n\n\n\n<p><strong>\u00bf Es seguro pagar por tarjeta en este lugar ?<\/strong><\/p>\n\n\n\n<p>Si es seguro ya que nunca guardamos los datos de las tarjetas de los clientes ya que cumplimos a normativa legal vigente, cada vez que se vaya a realizar una consulta deber\u00e1n de ser facilitados de nuevo y tras realizar el cargo de la consulta, ser\u00e1n borrados del sistema. Servicio de Tarot Visa con total discreci\u00f3n, no aparecer\u00e1 en el extracto bancario ninguna referencia haciendo menci\u00f3n de haber usado servicios telef\u00f3nicos de Tarot.<\/p>\n","protected":false},"excerpt":{"rendered":"<p>M\u00e9todos Pago \u2013 Los datos ser\u00e1n tratados bajo La Ley de Protecci\u00f3n de Datos Buen Tarot quiere poder facilitar a sus clientes que puedan realizar sus consultas de Tarot con nosotros, por eso facilitamos diferentes m\u00e9todos de pago. \u00bf Es seguro pagar por tarjeta en este lugar ? Si es seguro ya que nunca guardamos [&hellip;]<\/p>\n","protected":false},"author":1,"featured_media":0,"parent":0,"menu_order":0,"comment_status":"closed","ping_status":"closed","template":"","meta":{"footnotes":""},"class_list":["post-540","page","type-page","status-publish","hentry"],"_links":{"self":[{"href":"https:\/\/buentarot.com\/index.php\/wp-json\/wp\/v2\/pages\/540","targetHints":{"allow":["GET"]}}],"collection":[{"href":"https:\/\/buentarot.com\/index.php\/wp-json\/wp\/v2\/pages"}],"about":[{"href":"https:\/\/buentarot.com\/index.php\/wp-json\/wp\/v2\/types\/page"}],"author":[{"embeddable":true,"href":"https:\/\/buentarot.com\/index.php\/wp-json\/wp\/v2\/users\/1"}],"replies":[{"embeddable":true,"href":"https:\/\/buentarot.com\/index.php\/wp-json\/wp\/v2\/comments?post=540"}],"version-history":[{"count":0,"href":"https:\/\/buentarot.com\/index.php\/wp-json\/wp\/v2\/pages\/540\/revisions"}],"wp:attachment":[{"href":"https:\/\/buentarot.com\/index.php\/wp-json\/wp\/v2\/media?parent=540"}],"curies":[{"name":"wp","href":"https:\/\/api.w.org\/{rel}","templated":true}]}}